{"id":30,"date":"2024-02-04T20:08:54","date_gmt":"2024-02-04T19:08:54","guid":{"rendered":"https:\/\/shaolineurope.com\/?page_id=30"},"modified":"2024-02-14T10:40:27","modified_gmt":"2024-02-14T09:40:27","slug":"contact","status":"publish","type":"page","link":"https:\/\/shaolineurope.com\/de\/contact\/","title":{"rendered":"Kontakt"},"content":{"rendered":"<div class=\"object text m:Pos(a) Pos(a) Bgc(transparent) D(b) m:Bgc(transparent) m:D(b)\" spellcheck=\"false\" data-alt-style=\"height: 90px; transform-origin: 24.8845% 44.7368%; width: 362px; top: 123px; left: 23px;\" data-widget-type=\"pagecloud-native-widget\" data-widget-title=\"Pagecloud Object\">\n<div class=\"content\">\n<div class=\"object text m:Pos(a) Pos(a) Bgc(transparent) D(b) m:Bgc(transparent) m:D(b)\" spellcheck=\"false\" data-alt-style=\"height: 90px; transform-origin: 24.8845% 44.7368%; width: 362px; top: 123px; left: 23px;\" data-widget-type=\"pagecloud-native-widget\" data-widget-title=\"Pagecloud Object\">\n<div class=\"content\">\n<p data-margin-bottom=\"0.7em\"><span class=\"C(r212121) Fw(500) Fz(17) m:Fz(14)\" data-block=\"true\" data-alt-style=\"font-family: 'roboto'; line-height: 1.8; text-align: center;\">Bei Fragen zur Shaolin Europe Association oder f\u00fcr weitere Informationen benutzen Sie bitte folgende Kontaktm\u00f6glichkeiten:<\/span><\/p>\n<p data-margin-bottom=\"0.7em\"><span class=\"C(r212121) Fw(500) Fz(17) m:Fz(14)\" data-block=\"true\" data-alt-style=\"font-family: 'roboto'; line-height: 1.8; text-align: center;\">Shaolin Tempel Kulturzentrum \u00d6sterreich<br \/>\n<\/span><span class=\"C(r212121) Fw(500) Fz(17) m:Fz(14)\" data-block=\"true\" data-alt-style=\"font-family: 'roboto'; line-height: 1.8; text-align: center;\">Gro\u00dfmeister Shi Yan Liang<br \/>\n<\/span><span class=\"C(r212121) Fw(500) Fz(17) m:Fz(14)\" data-block=\"true\" data-alt-style=\"font-family: 'roboto'; line-height: 1.8; text-align: center;\">Bacherplatz 10 \/ Top 3<br \/>\n<\/span><span class=\"C(r212121) Fw(500) Fz(17) m:Fz(14)\" data-block=\"true\" data-alt-style=\"font-family: 'roboto'; line-height: 1.8; text-align: center;\">1050 Wien<br \/>\n<\/span><span class=\"C(r212121) Fw(500) Fz(17) m:Fz(14)\" data-block=\"true\" data-alt-style=\"font-family: 'roboto'; line-height: 1.8; text-align: center;\">\u00d6sterreich <\/span><\/p>\n<\/div>\n<\/div>\n<\/div>\n<\/div>\n<div class=\"object text m:Pos(a) Pos(a) Bgc(transparent) D(b) m:Bgc(transparent) m:D(b)\" spellcheck=\"false\" data-alt-style=\"height: 267px; width: 362px; top: 227px; left: 23px;\" data-widget-type=\"pagecloud-native-widget\" data-widget-title=\"Pagecloud Object\">\n<div class=\"content\">\n<p data-alt-style=\"margin-bottom: 0.7em;\"><span class=\"C(r212121) Fw(500) Fz(17) m:Fz(14)\" data-block=\"true\" data-alt-style=\"font-family: 'roboto'; line-height: 1.8; text-align: center;\"><a href=\"mailto:office@shaolinkultur.at\" data-alt-style=\"text-decoration: inherit; color: inherit;\">office@shaolinkultur.at<\/a><br \/>\n<\/span><span class=\"C(r212121) Fw(500) Fz(17) m:Fz(14)\" data-block=\"true\" data-alt-style=\"font-family: 'roboto'; line-height: 1.8; text-align: center;\"><a href=\"https:\/\/www.shaolinkultur.at\" data-alt-style=\"text-decoration: inherit; color: inherit;\">www.shaolinkultur.at<\/a><\/span><\/p>\n<\/div>\n<\/div>\n","protected":false},"excerpt":{"rendered":"<p>Bei Fragen zur Shaolin Europe Association oder f\u00fcr weitere Informationen benutzen Sie bitte folgende Kontaktm\u00f6glichkeiten: Shaolin Tempel Kulturzentrum \u00d6sterreich Gro\u00dfmeister Shi Yan Liang Bacherplatz 10 \/ Top 3 1050 Wien \u00d6sterreich office@shaolinkultur.at www.shaolinkultur.at<\/p>\n","protected":false},"author":1,"featured_media":0,"parent":0,"menu_order":5,"comment_status":"closed","ping_status":"closed","template":"","meta":{"_monsterinsights_skip_tracking":false,"_monsterinsights_sitenote_active":false,"_monsterinsights_sitenote_note":"","_monsterinsights_sitenote_category":0,"footnotes":""},"class_list":["post-30","page","type-page","status-publish","hentry"],"translation":{"provider":"WPGlobus","version":"3.0.2","language":"de","enabled_languages":["en","de"],"languages":{"en":{"title":true,"content":true,"excerpt":false},"de":{"title":true,"content":true,"excerpt":false}}},"aioseo_notices":[],"jetpack_sharing_enabled":true,"_links":{"self":[{"href":"https:\/\/shaolineurope.com\/de\/wp-json\/wp\/v2\/pages\/30","targetHints":{"allow":["GET"]}}],"collection":[{"href":"https:\/\/shaolineurope.com\/de\/wp-json\/wp\/v2\/pages"}],"about":[{"href":"https:\/\/shaolineurope.com\/de\/wp-json\/wp\/v2\/types\/page"}],"author":[{"embeddable":true,"href":"https:\/\/shaolineurope.com\/de\/wp-json\/wp\/v2\/users\/1"}],"replies":[{"embeddable":true,"href":"https:\/\/shaolineurope.com\/de\/wp-json\/wp\/v2\/comments?post=30"}],"version-history":[{"count":0,"href":"https:\/\/shaolineurope.com\/de\/wp-json\/wp\/v2\/pages\/30\/revisions"}],"wp:attachment":[{"href":"https:\/\/shaolineurope.com\/de\/wp-json\/wp\/v2\/media?parent=30"}],"curies":[{"name":"wp","href":"https:\/\/api.w.org\/{rel}","templated":true}]}}